{"id":131,"date":"2014-02-12T09:52:27","date_gmt":"2014-02-12T09:52:27","guid":{"rendered":"http:\/\/clubcaninaude.org\/?page_id=131"},"modified":"2020-03-13T13:02:43","modified_gmt":"2020-03-13T13:02:43","slug":"agility","status":"publish","type":"page","link":"https:\/\/clubcaninaude.org\/fr\/agility\/","title":{"rendered":"Agility"},"content":{"rendered":"<p style=\"text-align: left;\" align=\"center\"><em><b>L\u2019AGILITY C\u2019EST BOUGER AUTREMENT AVEC SON CHIEN<\/b><\/em><\/p>\n<ul style=\"text-align: left;\">\n<li>Discipline canine qui peut s&rsquo;apparenter au jumping \u00e9questre<\/li>\n<li>Elle consiste \u00e0 faire \u00e9voluer un chien sur un parcours compos\u00e9 d&rsquo;obstacles divers (haies, slalom, tunnel, balan\u00e7oire, passerelle, palissade, \u2026), <strong>sans laisse ni collier.<\/strong><\/li>\n<li>Discipline ludique et sportive accessible \u00e0 tous les chiens quelle que soit leur <strong>race, du plus petit au plus grand, et \u00e0 tous les ma\u00eetres, <\/strong><em>sans limite d&rsquo;\u00e2ge<\/em><\/li>\n<li><strong>Elle maintient la forme physique du chien et du ma\u00eetre<\/strong><strong>.<\/strong><\/li>\n<\/ul>\n<div id=\"kad-wp-gallery383\" class=\"kad-wp-gallery gallery kt-gallery-column-3 init-isotope-intrinsic reinit-isotope kad-light-gallery clearfix row-margin-small\" data-iso-selector=\".g_item\" data-iso-style=\"masonry\" data-iso-filter=\"false\"><div class=\"col-xxl-25 col-xl-3 col-lg-4 col-md-4 col-sm-4 col-xs-6 col-ss-12 g_item\"><div class=\"grid_item kt_item_fade_in kad_gallery_fade_in gallery_item\"><div class=\"kt-intrinsic\" style=\"padding-bottom:66.75%;\"><div itemprop=\"image\" itemscope itemtype=\"http:\/\/schema.org\/ImageObject\"><img loading=\"lazy\" decoding=\"async\" width=\"400\" height=\"267\" src=\"https:\/\/clubcaninaude.org\/wp-content\/uploads\/bigstock-A-Very-Cute-Springer-Cross-Col-72410266-400x267.jpg\" srcset=\"https:\/\/clubcaninaude.org\/wp-content\/uploads\/bigstock-A-Very-Cute-Springer-Cross-Col-72410266-400x267.jpg 400w, https:\/\/clubcaninaude.org\/wp-content\/uploads\/bigstock-A-Very-Cute-Springer-Cross-Col-72410266-300x200.jpg 300w, https:\/\/clubcaninaude.org\/wp-content\/uploads\/bigstock-A-Very-Cute-Springer-Cross-Col-72410266-1024x683.jpg 1024w, https:\/\/clubcaninaude.org\/wp-content\/uploads\/bigstock-A-Very-Cute-Springer-Cross-Col-72410266-768x512.jpg 768w, https:\/\/clubcaninaude.org\/wp-content\/uploads\/bigstock-A-Very-Cute-Springer-Cross-Col-72410266-1536x1024.jpg 1536w, https:\/\/clubcaninaude.org\/wp-content\/uploads\/bigstock-A-Very-Cute-Springer-Cross-Col-72410266-2048x1366.jpg 2048w, https:\/\/clubcaninaude.org\/wp-content\/uploads\/bigstock-A-Very-Cute-Springer-Cross-Col-72410266-800x534.jpg 800w\" sizes=\"(max-width: 400px) 100vw, 400px\"  class=\"kt-gallery-img\" itemprop=\"contentUrl\" alt=\"A very cute springer cross collie dog on agility equipment\"><meta itemprop=\"url\" content=\"https:\/\/clubcaninaude.org\/wp-content\/uploads\/bigstock-A-Very-Cute-Springer-Cross-Col-72410266-400x267.jpg\"><meta itemprop=\"width\" content=\"400px\"><meta itemprop=\"height\" content=\"267px\"><\/div><\/div><\/div><\/div><div class=\"col-xxl-25 col-xl-3 col-lg-4 col-md-4 col-sm-4 col-xs-6 col-ss-12 g_item\"><div class=\"grid_item kt_item_fade_in kad_gallery_fade_in gallery_item\"><div class=\"kt-intrinsic\" style=\"padding-bottom:66.75%;\"><div itemprop=\"image\" itemscope itemtype=\"http:\/\/schema.org\/ImageObject\"><img loading=\"lazy\" decoding=\"async\" width=\"400\" height=\"267\" src=\"https:\/\/clubcaninaude.org\/wp-content\/uploads\/bigstock-Agility-Slalom-113145-400x267.jpg\" srcset=\"https:\/\/clubcaninaude.org\/wp-content\/uploads\/bigstock-Agility-Slalom-113145-400x267.jpg 400w, https:\/\/clubcaninaude.org\/wp-content\/uploads\/bigstock-Agility-Slalom-113145-300x200.jpg 300w, https:\/\/clubcaninaude.org\/wp-content\/uploads\/bigstock-Agility-Slalom-113145-1024x683.jpg 1024w, https:\/\/clubcaninaude.org\/wp-content\/uploads\/bigstock-Agility-Slalom-113145-768x512.jpg 768w, https:\/\/clubcaninaude.org\/wp-content\/uploads\/bigstock-Agility-Slalom-113145-1536x1024.jpg 1536w, https:\/\/clubcaninaude.org\/wp-content\/uploads\/bigstock-Agility-Slalom-113145-2048x1365.jpg 2048w, https:\/\/clubcaninaude.org\/wp-content\/uploads\/bigstock-Agility-Slalom-113145-800x534.jpg 800w\" sizes=\"(max-width: 400px) 100vw, 400px\"  class=\"kt-gallery-img\" itemprop=\"contentUrl\" alt=\"a border collie doing slalom obstacle in agility\"><meta itemprop=\"url\" content=\"https:\/\/clubcaninaude.org\/wp-content\/uploads\/bigstock-Agility-Slalom-113145-400x267.jpg\"><meta itemprop=\"width\" content=\"400px\"><meta itemprop=\"height\" content=\"267px\"><\/div><\/div><\/div><\/div><div class=\"col-xxl-25 col-xl-3 col-lg-4 col-md-4 col-sm-4 col-xs-6 col-ss-12 g_item\"><div class=\"grid_item kt_item_fade_in kad_gallery_fade_in gallery_item\"><div class=\"kt-intrinsic\" style=\"padding-bottom:66.75%;\"><div itemprop=\"image\" itemscope itemtype=\"http:\/\/schema.org\/ImageObject\"><img loading=\"lazy\" decoding=\"async\" width=\"400\" height=\"267\" src=\"https:\/\/clubcaninaude.org\/wp-content\/uploads\/bigstock-Agility-Selce-155549-400x267.jpg\" srcset=\"https:\/\/clubcaninaude.org\/wp-content\/uploads\/bigstock-Agility-Selce-155549-400x267.jpg 400w, https:\/\/clubcaninaude.org\/wp-content\/uploads\/bigstock-Agility-Selce-155549-300x200.jpg 300w, https:\/\/clubcaninaude.org\/wp-content\/uploads\/bigstock-Agility-Selce-155549-1024x683.jpg 1024w, https:\/\/clubcaninaude.org\/wp-content\/uploads\/bigstock-Agility-Selce-155549-768x512.jpg 768w, https:\/\/clubcaninaude.org\/wp-content\/uploads\/bigstock-Agility-Selce-155549-1536x1024.jpg 1536w, https:\/\/clubcaninaude.org\/wp-content\/uploads\/bigstock-Agility-Selce-155549-2048x1365.jpg 2048w, https:\/\/clubcaninaude.org\/wp-content\/uploads\/bigstock-Agility-Selce-155549-800x534.jpg 800w\" sizes=\"(max-width: 400px) 100vw, 400px\"  class=\"kt-gallery-img\" itemprop=\"contentUrl\" alt=\"a foxterier coming out of tunnel\"><meta itemprop=\"url\" content=\"https:\/\/clubcaninaude.org\/wp-content\/uploads\/bigstock-Agility-Selce-155549-400x267.jpg\"><meta itemprop=\"width\" content=\"400px\"><meta itemprop=\"height\" content=\"267px\"><\/div><\/div><\/div><\/div><\/div>\n","protected":false},"excerpt":{"rendered":"<p>L\u2019AGILITY C\u2019EST BOUGER AUTREMENT AVEC SON CHIEN Discipline canine qui peut s&rsquo;apparenter au jumping \u00e9questre Elle consiste \u00e0 faire \u00e9voluer un chien sur un parcours compos\u00e9 d&rsquo;obstacles divers (haies, slalom, tunnel, balan\u00e7oire, passerelle, palissade, \u2026), sans laisse ni collier. Discipline &hellip; <a class=\"kt-excerpt-readmore more-link\" href=\"https:\/\/clubcaninaude.org\/fr\/agility\/\" aria-label=\"Agility\">Read More<\/a><\/p>\n","protected":false},"author":1,"featured_media":302,"parent":0,"menu_order":0,"comment_status":"closed","ping_status":"open","template":"","meta":{"kt_blocks_editor_width":"","_kad_blocks_custom_css":"","_kad_blocks_head_custom_js":"","_kad_blocks_body_custom_js":"","_kad_blocks_footer_custom_js":"","footnotes":""},"aioseo_notices":[],"taxonomy_info":[],"featured_image_src_large":["https:\/\/clubcaninaude.org\/wp-content\/uploads\/dog-2126678_1920-1024x638.jpg",1024,638,true],"author_info":{"display_name":"lafranglaise","author_link":"https:\/\/clubcaninaude.org\/fr\/author\/lafranglaise\/"},"comment_info":0,"_links":{"self":[{"href":"https:\/\/clubcaninaude.org\/fr\/wp-json\/wp\/v2\/pages\/131"}],"collection":[{"href":"https:\/\/clubcaninaude.org\/fr\/wp-json\/wp\/v2\/pages"}],"about":[{"href":"https:\/\/clubcaninaude.org\/fr\/wp-json\/wp\/v2\/types\/page"}],"author":[{"embeddable":true,"href":"https:\/\/clubcaninaude.org\/fr\/wp-json\/wp\/v2\/users\/1"}],"replies":[{"embeddable":true,"href":"https:\/\/clubcaninaude.org\/fr\/wp-json\/wp\/v2\/comments?post=131"}],"version-history":[{"count":4,"href":"https:\/\/clubcaninaude.org\/fr\/wp-json\/wp\/v2\/pages\/131\/revisions"}],"predecessor-version":[{"id":451,"href":"https:\/\/clubcaninaude.org\/fr\/wp-json\/wp\/v2\/pages\/131\/revisions\/451"}],"wp:featuredmedia":[{"embeddable":true,"href":"https:\/\/clubcaninaude.org\/fr\/wp-json\/wp\/v2\/media\/302"}],"wp:attachment":[{"href":"https:\/\/clubcaninaude.org\/fr\/wp-json\/wp\/v2\/media?parent=131"}],"curies":[{"name":"wp","href":"https:\/\/api.w.org\/{rel}","templated":true}]}}