{"id":2,"date":"2014-01-25T10:53:55","date_gmt":"2014-01-25T10:53:55","guid":{"rendered":"http:\/\/clubcaninaude.org\/?page_id=2"},"modified":"2020-03-13T12:32:23","modified_gmt":"2020-03-13T12:32:23","slug":"sample-page","status":"publish","type":"page","link":"https:\/\/clubcaninaude.org\/fr\/","title":{"rendered":"Accueil"},"content":{"rendered":"\t\t\t\t\t  \t<div class=\"ksp-slider-wrapper   kad-slider-1  \" data-ktslider-id=\"1\" data-ktslider-auto-play=\"true\" data-ktslider-pause-time=\"4500\" data-ktslider-count=\"9\" data-ktslider-height=\"450\" data-ktslider-pause-hover=\"false\" data-ktslider-height-type=\"normal\" data-ktslider-height-offset=\"\" data-ktslider-width=\"1140\" style=\"max-width:1140px; margin-left: auto; margin-right:auto;\">\n\t\t\t\t\t    \t<div id=\"kad-slider-1\" class=\"kad-slider kad-loading\" style=\"margin-left: auto; margin-right:auto; height:450px; min-height:0px\">\n\t\t\t\t\t        \t<ul class=\"kad-slider-canvas seq-canvas\" style=\"height:450px; min-height:0px\">\n\t\t\t\t\t        \t\t\t\t\t\t                      <li> \n\t\t\t\t\t                      \t<div class=\"kad-slide kad-slide-1 \" style=\"background-color:transparent; background-image:url(http:\/\/clubcaninaude.org\/wp-content\/uploads\/dogs-2200676_1920.jpg); background-repeat:no-repeat; background-size:cover; background-position:center center;\" data-video-slide=\"off\" data-video-id=\"0\" data-video-mp4=\"\" data-video-webm=\"\" data-video-poster=\"\" data-video-start=\"0\" data-video-ratio=\"1.777777778\" data-video-sound=\"0\" data-video-loop=\"0\" data-video-playpause=\"0\">\n\t\t\t\t\t                \t\t\t\t\t\t\t\t                              \n\t\t\t\t\t                \t\t\t\t\t\t\t                           \t<div class=\"kad-slider-layers-case\" style=\"max-width:1140px\">\n\t\t\t\t\t                              \t\t\t\t\t\t\t\t\t\t\t\t\t<\/div>\n\t\t\t\t\t                            <\/div>\n\t\t\t\t\t                      \t<\/li> \n\t\t\t\t\t                      \t\t\t\t\t\t            \t\t\t\t\t                      <li> \n\t\t\t\t\t                      \t<div class=\"kad-slide kad-slide-2 \" style=\"background-color:transparent; background-image:url(http:\/\/clubcaninaude.org\/wp-content\/uploads\/azille-scaled.jpg); background-repeat:no-repeat; background-size:cover; background-position:center center;\" data-video-slide=\"off\" data-video-id=\"0\" data-video-mp4=\"\" data-video-webm=\"\" data-video-poster=\"\" data-video-start=\"0\" data-video-ratio=\"1.777777778\" data-video-sound=\"0\" data-video-loop=\"0\" data-video-playpause=\"0\">\n\t\t\t\t\t                \t\t\t\t\t\t\t\t                              \n\t\t\t\t\t                \t\t\t\t\t\t\t                           \t<div class=\"kad-slider-layers-case\" style=\"max-width:1140px\">\n\t\t\t\t\t                              \t\t\t\t\t\t\t\t\t\t\t\t\t<\/div>\n\t\t\t\t\t                            <\/div>\n\t\t\t\t\t                      \t<\/li> \n\t\t\t\t\t                      \t\t\t\t\t\t            \t\t\t\t\t                      <li> \n\t\t\t\t\t                      \t<div class=\"kad-slide kad-slide-3 \" style=\"background-color:transparent; background-image:url(http:\/\/clubcaninaude.org\/wp-content\/uploads\/dog-2126678_1920.jpg); background-repeat:no-repeat; background-size:cover; background-position:center center;\" data-video-slide=\"off\" data-video-id=\"0\" data-video-mp4=\"\" data-video-webm=\"\" data-video-poster=\"\" data-video-start=\"0\" data-video-ratio=\"1.777777778\" data-video-sound=\"0\" data-video-loop=\"0\" data-video-playpause=\"0\">\n\t\t\t\t\t                \t\t\t\t\t\t\t\t                              \n\t\t\t\t\t                \t\t\t\t\t\t\t                           \t<div class=\"kad-slider-layers-case\" style=\"max-width:1140px\">\n\t\t\t\t\t                              \t\t\t\t\t\t\t\t\t\t\t\t\t<\/div>\n\t\t\t\t\t                            <\/div>\n\t\t\t\t\t                      \t<\/li> \n\t\t\t\t\t                      \t\t\t\t\t\t            \t\t\t\t\t                      <li> \n\t\t\t\t\t                      \t<div class=\"kad-slide kad-slide-4 \" style=\"background-color:transparent; background-image:url(http:\/\/clubcaninaude.org\/wp-content\/uploads\/dachshund-672780_1920.jpg); background-repeat:no-repeat; background-size:cover; background-position:center center;\" data-video-slide=\"off\" data-video-id=\"0\" data-video-mp4=\"\" data-video-webm=\"\" data-video-poster=\"\" data-video-start=\"0\" data-video-ratio=\"1.777777778\" data-video-sound=\"0\" data-video-loop=\"0\" data-video-playpause=\"0\">\n\t\t\t\t\t                \t\t\t\t\t\t\t\t                              \n\t\t\t\t\t                \t\t\t\t\t\t\t                           \t<div class=\"kad-slider-layers-case\" style=\"max-width:1140px\">\n\t\t\t\t\t                              \t\t\t\t\t\t\t\t\t\t\t\t\t<\/div>\n\t\t\t\t\t                            <\/div>\n\t\t\t\t\t                      \t<\/li> \n\t\t\t\t\t                      \t\t\t\t\t\t            \t\t\t\t\t                      <li> \n\t\t\t\t\t                      \t<div class=\"kad-slide kad-slide-5 \" style=\"background-color:transparent; background-image:url(http:\/\/clubcaninaude.org\/wp-content\/uploads\/dog-4444589_1920.jpg); background-repeat:no-repeat; background-size:cover; background-position:center center;\" data-video-slide=\"off\" data-video-id=\"0\" data-video-mp4=\"\" data-video-webm=\"\" data-video-poster=\"\" data-video-start=\"0\" data-video-ratio=\"1.777777778\" data-video-sound=\"0\" data-video-loop=\"0\" data-video-playpause=\"0\">\n\t\t\t\t\t                \t\t\t\t\t\t\t\t                              \n\t\t\t\t\t                \t\t\t\t\t\t\t                           \t<div class=\"kad-slider-layers-case\" style=\"max-width:1140px\">\n\t\t\t\t\t                              \t\t\t\t\t\t\t\t\t\t\t\t\t<\/div>\n\t\t\t\t\t                            <\/div>\n\t\t\t\t\t                      \t<\/li> \n\t\t\t\t\t                      \t\t\t\t\t\t            \t\t\t\t\t                      <li> \n\t\t\t\t\t                      \t<div class=\"kad-slide kad-slide-6 \" style=\"background-color:transparent; background-image:url(http:\/\/clubcaninaude.org\/wp-content\/uploads\/dog-4048824_1920.jpg); background-repeat:no-repeat; background-size:cover; background-position:center center;\" data-video-slide=\"off\" data-video-id=\"0\" data-video-mp4=\"\" data-video-webm=\"\" data-video-poster=\"\" data-video-start=\"0\" data-video-ratio=\"1.777777778\" data-video-sound=\"0\" data-video-loop=\"0\" data-video-playpause=\"0\">\n\t\t\t\t\t                \t\t\t\t\t\t\t\t                              \n\t\t\t\t\t                \t\t\t\t\t\t\t                           \t<div class=\"kad-slider-layers-case\" style=\"max-width:1140px\">\n\t\t\t\t\t                              \t\t\t\t\t\t\t\t\t\t\t\t\t<\/div>\n\t\t\t\t\t                            <\/div>\n\t\t\t\t\t                      \t<\/li> \n\t\t\t\t\t                      \t\t\t\t\t\t            \t\t\t\t\t                      <li> \n\t\t\t\t\t                      \t<div class=\"kad-slide kad-slide-7 \" style=\"background-color:transparent; background-image:url(http:\/\/clubcaninaude.org\/wp-content\/uploads\/dog-school-662761_1920.jpg); background-repeat:no-repeat; background-size:cover; background-position:center center;\" data-video-slide=\"off\" data-video-id=\"0\" data-video-mp4=\"\" data-video-webm=\"\" data-video-poster=\"\" data-video-start=\"0\" data-video-ratio=\"1.777777778\" data-video-sound=\"0\" data-video-loop=\"0\" data-video-playpause=\"0\">\n\t\t\t\t\t                \t\t\t\t\t\t\t\t                              \n\t\t\t\t\t                \t\t\t\t\t\t\t                           \t<div class=\"kad-slider-layers-case\" style=\"max-width:1140px\">\n\t\t\t\t\t                              \t\t\t\t\t\t\t\t\t\t\t\t\t<\/div>\n\t\t\t\t\t                            <\/div>\n\t\t\t\t\t                      \t<\/li> \n\t\t\t\t\t                      \t\t\t\t\t\t            \t\t\t\t\t                      <li> \n\t\t\t\t\t                      \t<div class=\"kad-slide kad-slide-8 \" style=\"background-color:transparent; background-image:url(http:\/\/clubcaninaude.org\/wp-content\/uploads\/bigstock-Agility-Slalom-113145-scaled.jpg); background-repeat:no-repeat; background-size:cover; background-position:center center;\" data-video-slide=\"off\" data-video-id=\"0\" data-video-mp4=\"\" data-video-webm=\"\" data-video-poster=\"\" data-video-start=\"0\" data-video-ratio=\"1.777777778\" data-video-sound=\"0\" data-video-loop=\"0\" data-video-playpause=\"0\">\n\t\t\t\t\t                \t\t\t\t\t\t\t\t                              \n\t\t\t\t\t                \t\t\t\t\t\t\t                           \t<div class=\"kad-slider-layers-case\" style=\"max-width:1140px\">\n\t\t\t\t\t                              \t\t\t\t\t\t\t\t\t\t\t\t\t<\/div>\n\t\t\t\t\t                            <\/div>\n\t\t\t\t\t                      \t<\/li> \n\t\t\t\t\t                      \t\t\t\t\t\t            \t\t\t\t\t                      <li> \n\t\t\t\t\t                      \t<div class=\"kad-slide kad-slide-9 \" style=\"background-color:transparent; background-image:url(http:\/\/clubcaninaude.org\/wp-content\/uploads\/paw-548634_1920.jpg); background-repeat:no-repeat; background-size:cover; background-position:center center;\" data-video-slide=\"off\" data-video-id=\"0\" data-video-mp4=\"\" data-video-webm=\"\" data-video-poster=\"\" data-video-start=\"0\" data-video-ratio=\"1.777777778\" data-video-sound=\"0\" data-video-loop=\"0\" data-video-playpause=\"0\">\n\t\t\t\t\t                \t\t\t\t\t\t\t\t                              \n\t\t\t\t\t                \t\t\t\t\t\t\t                           \t<div class=\"kad-slider-layers-case\" style=\"max-width:1140px\">\n\t\t\t\t\t                              \t\t\t\t\t\t\t\t\t\t\t\t\t<\/div>\n\t\t\t\t\t                            <\/div>\n\t\t\t\t\t                      \t<\/li> \n\t\t\t\t\t                      \t\t\t\t\t\t            \t\t\t\t\t        \t<\/ul>\n\t\t\t\t\t        \t<button class=\"kad-slider-next kad-slider-navigate ksp-next-1\"><\/button>\n\t\t\t\t\t        \t<button class=\"kad-slider-prev kad-slider-navigate ksp-prev-1\"><\/button>\n\t\t\t\t\t        \t<ul role=\"navigation\" aria-label=\"Pagination\" class=\"kad-slider-pagination ksp-pag-1\">\n\t\t\t\t\t        \t\t\t\t\t\t\t\t\t\t    \t<li class=\"kad-slider-dot\"><button class=\"kad-slider-dot-button\">Go to slide 1<\/button><\/li>\n\t\t\t\t\t\t\t\t   \t\t\t\t\t\t\t\t\t\t    \t<li class=\"kad-slider-dot\"><button class=\"kad-slider-dot-button\">Go to slide 2<\/button><\/li>\n\t\t\t\t\t\t\t\t   \t\t\t\t\t\t\t\t\t\t    \t<li class=\"kad-slider-dot\"><button class=\"kad-slider-dot-button\">Go to slide 3<\/button><\/li>\n\t\t\t\t\t\t\t\t   \t\t\t\t\t\t\t\t\t\t    \t<li class=\"kad-slider-dot\"><button class=\"kad-slider-dot-button\">Go to slide 4<\/button><\/li>\n\t\t\t\t\t\t\t\t   \t\t\t\t\t\t\t\t\t\t    \t<li class=\"kad-slider-dot\"><button class=\"kad-slider-dot-button\">Go to slide 5<\/button><\/li>\n\t\t\t\t\t\t\t\t   \t\t\t\t\t\t\t\t\t\t    \t<li class=\"kad-slider-dot\"><button class=\"kad-slider-dot-button\">Go to slide 6<\/button><\/li>\n\t\t\t\t\t\t\t\t   \t\t\t\t\t\t\t\t\t\t    \t<li class=\"kad-slider-dot\"><button class=\"kad-slider-dot-button\">Go to slide 7<\/button><\/li>\n\t\t\t\t\t\t\t\t   \t\t\t\t\t\t\t\t\t\t    \t<li class=\"kad-slider-dot\"><button class=\"kad-slider-dot-button\">Go to slide 8<\/button><\/li>\n\t\t\t\t\t\t\t\t   \t\t\t\t\t\t\t\t\t\t    \t<li class=\"kad-slider-dot\"><button class=\"kad-slider-dot-button\">Go to slide 9<\/button><\/li>\n\t\t\t\t\t\t\t\t   \t\t\t\t\t\t\t\t\t\t<\/ul>\n\t\t\t\t\t        \t\t\t\t\t\t      <\/div> <!--kad-slides-->\n\t\t\t\t\t  <\/div> <!--kad-slider-->\n\t\t            \t\t\n\t\t\t\n<h2><\/h2>\n<h2 class=\"has-text-align-center\" style=\"text-align: center;\">Notre but est de vous aider \u00e0 vivre en harmonie avec vos compagnons \u00e0 4 pattes.<\/h2>\n<p>&nbsp;<\/p>\n<h2>Notre objectif<\/h2>\n<p>Vous aider \u00e0 comprendre votre chien.<\/p>\n<p>Vous apprendre \u00e0 communiquer efficacement avec lui et sans stress.<\/p>\n<p>Faire en sorte que l\u2019\u00e9ducation devienne un plaisir pour vous deux.<\/p>\n<h2>Notre approche de la formation<\/h2>\n<p>L\u2019accent est mis sur la socialisation afin de vous aider \u00e0 avoir un chien bien \u00e9quilibr\u00e9, bien \u00e9duqu\u00e9, que vous puissiez prendre n\u2019importe o\u00f9 et \u00eatre fier de lui.<\/p>\n<h2>Notre club<\/h2>\n<p>Nous sommes une association r\u00e9gie par la loi du 1<sup>er<\/sup>\u00a0juillet 1901, dont les seules ressources sont les cotisations des membres.<\/p>\n<p>En bordure du beau village d&rsquo;Azille dans un terrain enti\u00e8rement cl\u00f4tur\u00e9 et \u00e9quip\u00e9, nous vous offrons :<\/p>\n<p>&#8211; un complexe enti\u00e8rement d\u00e9di\u00e9 \u00e0 vous et vos compagnons \u00e0 4 pattes.<\/p>\n<p>&#8211; une\u00a0 formation sympathique et instructive adapt\u00e9e \u00e0 vos besoins.<\/p>\n<h2>Nos moniteurs<\/h2>\n<p>Tous nos moniteurs ont les dipl\u00f4mes d&rsquo;\u00e9ducateur canin et \u00e9cole du chiot d\u00e9livr\u00e9s par la Soci\u00e9t\u00e9 Centrale Canine.<\/p>\n<p>Ils sont tous b\u00e9n\u00e9voles.<\/p>\n<p>(Lien vers les photos des formateurs avec les noms)<\/p>\n<h2>Votre chien<\/h2>\n<p>Grand ou petit, jeune ou vieux, LOF ou non, nous pouvons vous aider \u00e0 tirer le meilleur de lui.<\/p>\n<p>&nbsp;<\/p>\n<blockquote class=\"wp-block-quote\"><p><i>Un chien bien \u00e9duqu\u00e9 est un chien heureux<br \/>\n(et le ma\u00eetre d&rsquo;un chien \u00e9duqu\u00e9 est un ma\u00eetre heureux)<\/i><\/p><\/blockquote>\n","protected":false},"excerpt":{"rendered":"<p>Notre but est de vous aider \u00e0 vivre en harmonie avec vos compagnons \u00e0 4 pattes. &nbsp; Notre objectif Vous aider \u00e0 comprendre votre chien. Vous apprendre \u00e0 communiquer efficacement avec lui et sans stress. Faire en sorte que l\u2019\u00e9ducation &hellip; <a class=\"kt-excerpt-readmore more-link\" href=\"https:\/\/clubcaninaude.org\/fr\/\" aria-label=\"Accueil\">Read More<\/a><\/p>\n","protected":false},"author":1,"featured_media":418,"parent":0,"menu_order":0,"comment_status":"closed","ping_status":"open","template":"","meta":{"kt_blocks_editor_width":"","_kad_blocks_custom_css":"","_kad_blocks_head_custom_js":"","_kad_blocks_body_custom_js":"","_kad_blocks_footer_custom_js":"","footnotes":""},"aioseo_notices":[],"taxonomy_info":[],"featured_image_src_large":["https:\/\/clubcaninaude.org\/wp-content\/uploads\/azille-1024x768.jpg",1024,768,true],"author_info":{"display_name":"lafranglaise","author_link":"https:\/\/clubcaninaude.org\/fr\/author\/lafranglaise\/"},"comment_info":2,"_links":{"self":[{"href":"https:\/\/clubcaninaude.org\/fr\/wp-json\/wp\/v2\/pages\/2"}],"collection":[{"href":"https:\/\/clubcaninaude.org\/fr\/wp-json\/wp\/v2\/pages"}],"about":[{"href":"https:\/\/clubcaninaude.org\/fr\/wp-json\/wp\/v2\/types\/page"}],"author":[{"embeddable":true,"href":"https:\/\/clubcaninaude.org\/fr\/wp-json\/wp\/v2\/users\/1"}],"replies":[{"embeddable":true,"href":"https:\/\/clubcaninaude.org\/fr\/wp-json\/wp\/v2\/comments?post=2"}],"version-history":[{"count":5,"href":"https:\/\/clubcaninaude.org\/fr\/wp-json\/wp\/v2\/pages\/2\/revisions"}],"predecessor-version":[{"id":432,"href":"https:\/\/clubcaninaude.org\/fr\/wp-json\/wp\/v2\/pages\/2\/revisions\/432"}],"wp:featuredmedia":[{"embeddable":true,"href":"https:\/\/clubcaninaude.org\/fr\/wp-json\/wp\/v2\/media\/418"}],"wp:attachment":[{"href":"https:\/\/clubcaninaude.org\/fr\/wp-json\/wp\/v2\/media?parent=2"}],"curies":[{"name":"wp","href":"https:\/\/api.w.org\/{rel}","templated":true}]}}