{"id":21,"date":"2014-01-25T10:09:39","date_gmt":"2014-01-25T10:09:39","guid":{"rendered":"http:\/\/clubcaninaude.org\/?page_id=21"},"modified":"2020-03-13T12:51:02","modified_gmt":"2020-03-13T12:51:02","slug":"education","status":"publish","type":"page","link":"https:\/\/clubcaninaude.org\/fr\/education\/","title":{"rendered":"Education"},"content":{"rendered":"\n<div class=\"wp-block-columns is-layout-flex wp-container-core-columns-layout-1 wp-block-columns-is-layout-flex\">\n<div class=\"wp-block-column is-layout-flow wp-block-column-is-layout-flow\">\n<h2>Notre approche<\/h2>\n<p>La m\u00e9thode que nous utilisons pour \u00e9duquer nos chiens est bas\u00e9e sur le renforcement positif.<\/p>\n<p>Le comportement d\u00e9sir\u00e9 est syst\u00e9matiquement\u00a0 puis r\u00e9guli\u00e8rement r\u00e9compens\u00e9, ce qui entra\u00eene qu&rsquo;il devienne un comportement normal.<\/p>\n<p>Votre chien va apprendre \u00e0 se sociabiliser aussi bien avec d&rsquo;autres chiens qu&rsquo;avec les humains.<\/p>\n<p>Le r\u00e9sultat, un chien heureux, bien \u00e9duqu\u00e9, mieux \u00e9quip\u00e9 pour vivre dans une soci\u00e9t\u00e9 humaine et avec un ma\u00eetre heureux et fier.<\/p>\n<h2>Nos cours de formation<\/h2>\n<ul>\n<li>Education de base, interm\u00e9diaire et avanc\u00e9e pour tous les chiens.<\/li>\n<li>Groupes organis\u00e9s en fonction des capacit\u00e9s.<\/li>\n<li>Un apprentissage ludique pour le ma\u00eetre et le chien, avec exercices et jeux\u00a0<b><\/b><\/li>\n<\/ul>\n<\/div>\n\n\n\n<div class=\"wp-block-column is-layout-flow wp-block-column-is-layout-flow\">\n<figure class=\"wp-block-image size-large\"><img loading=\"lazy\" decoding=\"async\" width=\"1024\" height=\"991\" src=\"http:\/\/clubcaninaude.org\/wp-content\/uploads\/bigstock-Master-and-her-obedient-rhode-16437014-1024x991.jpg\" alt=\"\" class=\"wp-image-287\" srcset=\"https:\/\/clubcaninaude.org\/wp-content\/uploads\/bigstock-Master-and-her-obedient-rhode-16437014-1024x991.jpg 1024w, https:\/\/clubcaninaude.org\/wp-content\/uploads\/bigstock-Master-and-her-obedient-rhode-16437014-300x290.jpg 300w, https:\/\/clubcaninaude.org\/wp-content\/uploads\/bigstock-Master-and-her-obedient-rhode-16437014-768x743.jpg 768w, https:\/\/clubcaninaude.org\/wp-content\/uploads\/bigstock-Master-and-her-obedient-rhode-16437014-1536x1486.jpg 1536w, https:\/\/clubcaninaude.org\/wp-content\/uploads\/bigstock-Master-and-her-obedient-rhode-16437014-2048x1982.jpg 2048w, https:\/\/clubcaninaude.org\/wp-content\/uploads\/bigstock-Master-and-her-obedient-rhode-16437014-840x812.jpg 840w, https:\/\/clubcaninaude.org\/wp-content\/uploads\/bigstock-Master-and-her-obedient-rhode-16437014-420x406.jpg 420w\" sizes=\"(max-width: 1024px) 100vw, 1024px\" \/><\/figure>\n\n\n\n<blockquote>\n<p><i>Un chien \u00e9duqu\u00e9 est un chien heureux<\/i><\/p>\n<\/blockquote>\n\n\n<\/div>\n<\/div>\n","protected":false},"excerpt":{"rendered":"<p>Notre approche La m\u00e9thode que nous utilisons pour \u00e9duquer nos chiens est bas\u00e9e sur le renforcement positif. Le comportement d\u00e9sir\u00e9 est syst\u00e9matiquement\u00a0 puis r\u00e9guli\u00e8rement r\u00e9compens\u00e9, ce qui entra\u00eene qu&rsquo;il devienne un comportement normal. Votre chien va apprendre \u00e0 se sociabiliser &hellip; <a class=\"kt-excerpt-readmore more-link\" href=\"https:\/\/clubcaninaude.org\/fr\/education\/\" aria-label=\"Education\">Read More<\/a><\/p>\n","protected":false},"author":1,"featured_media":287,"parent":0,"menu_order":0,"comment_status":"closed","ping_status":"open","template":"","meta":{"kt_blocks_editor_width":"","_kad_blocks_custom_css":"","_kad_blocks_head_custom_js":"","_kad_blocks_body_custom_js":"","_kad_blocks_footer_custom_js":"","footnotes":""},"aioseo_notices":[],"taxonomy_info":[],"featured_image_src_large":["https:\/\/clubcaninaude.org\/wp-content\/uploads\/bigstock-Master-and-her-obedient-rhode-16437014-1024x991.jpg",1024,991,true],"author_info":{"display_name":"lafranglaise","author_link":"https:\/\/clubcaninaude.org\/fr\/author\/lafranglaise\/"},"comment_info":0,"_links":{"self":[{"href":"https:\/\/clubcaninaude.org\/fr\/wp-json\/wp\/v2\/pages\/21"}],"collection":[{"href":"https:\/\/clubcaninaude.org\/fr\/wp-json\/wp\/v2\/pages"}],"about":[{"href":"https:\/\/clubcaninaude.org\/fr\/wp-json\/wp\/v2\/types\/page"}],"author":[{"embeddable":true,"href":"https:\/\/clubcaninaude.org\/fr\/wp-json\/wp\/v2\/users\/1"}],"replies":[{"embeddable":true,"href":"https:\/\/clubcaninaude.org\/fr\/wp-json\/wp\/v2\/comments?post=21"}],"version-history":[{"count":6,"href":"https:\/\/clubcaninaude.org\/fr\/wp-json\/wp\/v2\/pages\/21\/revisions"}],"predecessor-version":[{"id":443,"href":"https:\/\/clubcaninaude.org\/fr\/wp-json\/wp\/v2\/pages\/21\/revisions\/443"}],"wp:featuredmedia":[{"embeddable":true,"href":"https:\/\/clubcaninaude.org\/fr\/wp-json\/wp\/v2\/media\/287"}],"wp:attachment":[{"href":"https:\/\/clubcaninaude.org\/fr\/wp-json\/wp\/v2\/media?parent=21"}],"curies":[{"name":"wp","href":"https:\/\/api.w.org\/{rel}","templated":true}]}}