{"id":24,"date":"2014-01-25T10:12:10","date_gmt":"2014-01-25T10:12:10","guid":{"rendered":"http:\/\/clubcaninaude.org\/?page_id=24"},"modified":"2014-02-12T09:48:46","modified_gmt":"2014-02-12T09:48:46","slug":"presentation-du-club","status":"publish","type":"page","link":"https:\/\/clubcaninaude.org\/fr\/presentation-du-club\/","title":{"rendered":"Presentation du Club"},"content":{"rendered":"<p><i>Un chien \u00e9duqu\u00e9 est un chien heureux<\/i><\/p>\n<p><span style=\"text-decoration: underline;\">Notre objectif<\/span><\/p>\n<p>Vous aider \u00e0 comprendre votre chien.<\/p>\n<p>Vous apprendre \u00e0 communiquer efficacement avec lui et sans stress.<\/p>\n<p>Faire en sorte que l\u2019\u00e9ducation devienne un plaisir pour vous deux.<\/p>\n<p><span style=\"text-decoration: underline;\">Notre approche de la formation<\/span><\/p>\n<p>L\u2019accent est mis sur la socialisation afin de vous aider \u00e0 avoir un chien bien \u00e9quilibr\u00e9, bien \u00e9duqu\u00e9, que vous puissiez prendre n\u2019importe o\u00f9 et \u00eatre fier de lui.<\/p>\n<p><span style=\"text-decoration: underline;\">Notre club<\/span><\/p>\n<p>Nous sommes une association r\u00e9gie par la loi du 1<sup>er<\/sup> juillet 1901, dont les seules ressources sont les cotisations des membres.<\/p>\n<p>En bordure du beau village d&rsquo;Azille dans un terrain enti\u00e8rement cl\u00f4tur\u00e9 et \u00e9quip\u00e9, nous vous offrons :<\/p>\n<p>&#8211; un complexe enti\u00e8rement d\u00e9di\u00e9 \u00e0 vous et vos compagnons \u00e0 4 pattes.<\/p>\n<p>&#8211; une\u00a0 formation sympathique et instructive adapt\u00e9e \u00e0 vos besoins.<\/p>\n<p><span style=\"text-decoration: underline;\">Nos moniteurs<\/span><\/p>\n<p>Tous nos moniteurs ont les dipl\u00f4mes d&rsquo;\u00e9ducateur canin et \u00e9cole du chiot d\u00e9livr\u00e9s par la Soci\u00e9t\u00e9 Centrale Canine.<\/p>\n<p>Ils sont tous b\u00e9n\u00e9voles.<\/p>\n<p>(Lien vers les photos des formateurs avec les noms)<\/p>\n<p><span style=\"text-decoration: underline;\">Votre chien<\/span><\/p>\n<p>Grand ou petit, jeune ou vieux, LOF ou non, nous pouvons vous aider \u00e0 tirer le meilleur de lui.<b><\/b><\/p>\n","protected":false},"excerpt":{"rendered":"<p>Un chien \u00e9duqu\u00e9 est un chien heureux Notre objectif Vous aider \u00e0 comprendre votre chien. Vous apprendre \u00e0 communiquer efficacement avec lui et sans stress. Faire en sorte que l\u2019\u00e9ducation devienne un plaisir pour vous deux. Notre approche de la &hellip; <a class=\"kt-excerpt-readmore more-link\" href=\"https:\/\/clubcaninaude.org\/fr\/presentation-du-club\/\" aria-label=\"Presentation du Club\">Read More<\/a><\/p>\n","protected":false},"author":1,"featured_media":0,"parent":0,"menu_order":0,"comment_status":"closed","ping_status":"open","template":"","meta":{"kt_blocks_editor_width":"","_kad_blocks_custom_css":"","_kad_blocks_head_custom_js":"","_kad_blocks_body_custom_js":"","_kad_blocks_footer_custom_js":"","footnotes":""},"aioseo_notices":[],"taxonomy_info":[],"featured_image_src_large":false,"author_info":{"display_name":"lafranglaise","author_link":"https:\/\/clubcaninaude.org\/fr\/author\/lafranglaise\/"},"comment_info":0,"_links":{"self":[{"href":"https:\/\/clubcaninaude.org\/fr\/wp-json\/wp\/v2\/pages\/24"}],"collection":[{"href":"https:\/\/clubcaninaude.org\/fr\/wp-json\/wp\/v2\/pages"}],"about":[{"href":"https:\/\/clubcaninaude.org\/fr\/wp-json\/wp\/v2\/types\/page"}],"author":[{"embeddable":true,"href":"https:\/\/clubcaninaude.org\/fr\/wp-json\/wp\/v2\/users\/1"}],"replies":[{"embeddable":true,"href":"https:\/\/clubcaninaude.org\/fr\/wp-json\/wp\/v2\/comments?post=24"}],"version-history":[{"count":2,"href":"https:\/\/clubcaninaude.org\/fr\/wp-json\/wp\/v2\/pages\/24\/revisions"}],"predecessor-version":[{"id":125,"href":"https:\/\/clubcaninaude.org\/fr\/wp-json\/wp\/v2\/pages\/24\/revisions\/125"}],"wp:attachment":[{"href":"https:\/\/clubcaninaude.org\/fr\/wp-json\/wp\/v2\/media?parent=24"}],"curies":[{"name":"wp","href":"https:\/\/api.w.org\/{rel}","templated":true}]}}