{"id":26,"date":"2014-01-25T10:13:23","date_gmt":"2014-01-25T10:13:23","guid":{"rendered":"http:\/\/clubcaninaude.org\/?page_id=26"},"modified":"2020-03-13T13:06:29","modified_gmt":"2020-03-13T13:06:29","slug":"ecole-du-chiot","status":"publish","type":"page","link":"https:\/\/clubcaninaude.org\/fr\/ecole-du-chiot\/","title":{"rendered":"Ecole du chiot"},"content":{"rendered":"\n<div class=\"wp-block-columns is-layout-flex wp-container-core-columns-layout-1 wp-block-columns-is-layout-flex\">\n<div class=\"wp-block-column is-layout-flow wp-block-column-is-layout-flow\" style=\"flex-basis:66.66%\">\n<h2><i style=\"line-height: 1.5em;\">Le chiot parfait!<\/i><\/h2>\n<ul>\n<li>Les chiots sont bienvenus d\u00e8s 8 semaines, sous r\u00e9serve de vaccination.<\/li>\n<li>Au plus t\u00f4t votre chiot nous rejoint, au mieux.<\/li>\n<li>Notre accent est mis sur la socialisation.<\/li>\n<\/ul>\n<p>Votre chiot va :<\/p>\n<ul>\n<li>Apprendre \u00e0 jouer avec les autres chiots\u00a0 et ainsi acqu\u00e9rir des comp\u00e9tences sociales<\/li>\n<li>Rencontrer et saluer d&rsquo;autres chiens et des personnes diff\u00e9rentes<\/li>\n<li>Apprendre les commandements et actions de base<\/li>\n<li>Apprendre en s&rsquo;amusant avec des jeux et un parcours d&rsquo;agility mini<\/li>\n<li>S&rsquo;amuser tout en apprenant<\/li>\n<\/ul>\n<\/div>\n\n\n\n<div class=\"wp-block-column is-layout-flow wp-block-column-is-layout-flow\" style=\"flex-basis:33.33%\">\n<figure class=\"wp-block-image size-large\"><img loading=\"lazy\" decoding=\"async\" width=\"683\" height=\"1024\" src=\"http:\/\/clubcaninaude.org\/wp-content\/uploads\/dog-2556817_1920-683x1024.jpg\" alt=\"\" class=\"wp-image-276\" srcset=\"https:\/\/clubcaninaude.org\/wp-content\/uploads\/dog-2556817_1920-683x1024.jpg 683w, https:\/\/clubcaninaude.org\/wp-content\/uploads\/dog-2556817_1920-200x300.jpg 200w, https:\/\/clubcaninaude.org\/wp-content\/uploads\/dog-2556817_1920-768x1152.jpg 768w, https:\/\/clubcaninaude.org\/wp-content\/uploads\/dog-2556817_1920-1024x1536.jpg 1024w, https:\/\/clubcaninaude.org\/wp-content\/uploads\/dog-2556817_1920-840x1260.jpg 840w, https:\/\/clubcaninaude.org\/wp-content\/uploads\/dog-2556817_1920-420x630.jpg 420w, https:\/\/clubcaninaude.org\/wp-content\/uploads\/dog-2556817_1920.jpg 1280w\" sizes=\"(max-width: 683px) 100vw, 683px\" \/><\/figure>\n<\/div>\n<\/div>\n","protected":false},"excerpt":{"rendered":"<p>Le chiot parfait! Les chiots sont bienvenus d\u00e8s 8 semaines, sous r\u00e9serve de vaccination. Au plus t\u00f4t votre chiot nous rejoint, au mieux. Notre accent est mis sur la socialisation. Votre chiot va : Apprendre \u00e0 jouer avec les autres &hellip; <a class=\"kt-excerpt-readmore more-link\" href=\"https:\/\/clubcaninaude.org\/fr\/ecole-du-chiot\/\" aria-label=\"Ecole du chiot\">Read More<\/a><\/p>\n","protected":false},"author":1,"featured_media":276,"parent":0,"menu_order":0,"comment_status":"closed","ping_status":"open","template":"","meta":{"kt_blocks_editor_width":"","_kad_blocks_custom_css":"","_kad_blocks_head_custom_js":"","_kad_blocks_body_custom_js":"","_kad_blocks_footer_custom_js":"","footnotes":""},"aioseo_notices":[],"taxonomy_info":[],"featured_image_src_large":["https:\/\/clubcaninaude.org\/wp-content\/uploads\/dog-2556817_1920-683x1024.jpg",683,1024,true],"author_info":{"display_name":"lafranglaise","author_link":"https:\/\/clubcaninaude.org\/fr\/author\/lafranglaise\/"},"comment_info":0,"_links":{"self":[{"href":"https:\/\/clubcaninaude.org\/fr\/wp-json\/wp\/v2\/pages\/26"}],"collection":[{"href":"https:\/\/clubcaninaude.org\/fr\/wp-json\/wp\/v2\/pages"}],"about":[{"href":"https:\/\/clubcaninaude.org\/fr\/wp-json\/wp\/v2\/types\/page"}],"author":[{"embeddable":true,"href":"https:\/\/clubcaninaude.org\/fr\/wp-json\/wp\/v2\/users\/1"}],"replies":[{"embeddable":true,"href":"https:\/\/clubcaninaude.org\/fr\/wp-json\/wp\/v2\/comments?post=26"}],"version-history":[{"count":4,"href":"https:\/\/clubcaninaude.org\/fr\/wp-json\/wp\/v2\/pages\/26\/revisions"}],"predecessor-version":[{"id":455,"href":"https:\/\/clubcaninaude.org\/fr\/wp-json\/wp\/v2\/pages\/26\/revisions\/455"}],"wp:featuredmedia":[{"embeddable":true,"href":"https:\/\/clubcaninaude.org\/fr\/wp-json\/wp\/v2\/media\/276"}],"wp:attachment":[{"href":"https:\/\/clubcaninaude.org\/fr\/wp-json\/wp\/v2\/media?parent=26"}],"curies":[{"name":"wp","href":"https:\/\/api.w.org\/{rel}","templated":true}]}}