{"id":29,"date":"2014-01-25T10:37:32","date_gmt":"2014-01-25T10:37:32","guid":{"rendered":"http:\/\/clubcaninaude.org\/?page_id=29"},"modified":"2020-03-13T12:59:57","modified_gmt":"2020-03-13T12:59:57","slug":"nous-rejoindre","status":"publish","type":"page","link":"https:\/\/clubcaninaude.org\/fr\/nous-rejoindre\/","title":{"rendered":"Nous Rejoindre!"},"content":{"rendered":"\n<div class=\"wp-block-columns is-layout-flex wp-container-core-columns-layout-1 wp-block-columns-is-layout-flex\">\n<div class=\"wp-block-column is-layout-flow wp-block-column-is-layout-flow\" style=\"flex-basis:66.66%\">\n<p>Si vous souhaitez nous rejoindre merci de <a title=\"Contact\" href=\"http:\/\/clubcaninaude.org\/blog\">nous contacter<\/a> et nous pourrons discuter de vos besoins.<br><b><\/b><\/p>\n<p><b>CONDITIONS<\/b><\/p>\n<ul>\n<li>\u00b7 Les vaccins habituels plus celui contre la rage sont obligatoires; une photocopie de la page de passeport ou de certificat est requise.<\/li>\n<li>\u00b7 Aucune brutalit\u00e9 envers le chien n\u2019est tol\u00e9r\u00e9e.<\/li>\n<li>\u00b7 Les chiennes en chaleur ne sont pas accept\u00e9es aux s\u00e9ances.<\/li>\n<li>\u00b7 Nous nous r\u00e9servons le droit de refuser l&rsquo;entr\u00e9e au club pour tout chien qui est agressif.<\/li>\n<\/ul>\n<p><strong><span style=\"text-decoration: underline;\">Chiens cat\u00e9gories 1 et 2<\/span><\/strong><\/p>\n<ul>\n<li>Les chiens de cat\u00e9gorie 1 ne sont pas accept\u00e9s.<\/li>\n<li>Les chiens de cat\u00e9gorie 2 doivent (sans exception) porter une museli\u00e8re dans l&rsquo;enceinte du club. La preuve de d\u00e9claration en Mairie est requise.<\/li>\n<\/ul>\n<p><strong><span style=\"text-decoration: underline;\">HORAIRES<\/span><\/strong><\/p>\n<p>L&rsquo;heure et le jour varient en fonction de la saison, en commun accord avec les responsables et les adh\u00e9rents.<\/p>\n<p>Merci de <a title=\"Contact\" href=\"http:\/\/clubcaninaude.org\/blog\">nous contacter<\/a> pour les horaires des cours.<\/p>\n<p><\/p>\n<\/div>\n\n\n\n<div class=\"wp-block-column is-layout-flow wp-block-column-is-layout-flow\" style=\"flex-basis:33.33%\">\n<p style=\"text-align: center;\"><strong>Notre groupe Facebook<\/strong><\/p>\n\n\n\n<div align=\"center\"><div class=\"fb-group\" data-href=\"https:\/\/www.facebook.com\/groups\/1433603696912457\/\" data-width=\"280\" data-show-social-context=\"true\" data-show-metadata=\"false\"><\/div>\n<\/div>\n\n\n\n<div class=\"wp-block-button aligncenter\"><a class=\"wp-block-button__link has-background has-ascend-primary-light-background-color\" href=\"http:\/\/clubcaninaude.org\/fr\/blog\">Nous rejoindre!<\/a><\/div>\n<\/div>\n<\/div>\n","protected":false},"excerpt":{"rendered":"<p>Si vous souhaitez nous rejoindre merci de nous contacter et nous pourrons discuter de vos besoins. CONDITIONS \u00b7 Les vaccins habituels plus celui contre la rage sont obligatoires; une photocopie de la page de passeport ou de certificat est requise. &hellip; <a class=\"kt-excerpt-readmore more-link\" href=\"https:\/\/clubcaninaude.org\/fr\/nous-rejoindre\/\" aria-label=\"Nous Rejoindre!\">Read More<\/a><\/p>\n","protected":false},"author":1,"featured_media":370,"parent":0,"menu_order":0,"comment_status":"closed","ping_status":"open","template":"","meta":{"kt_blocks_editor_width":"","_kad_blocks_custom_css":"","_kad_blocks_head_custom_js":"","_kad_blocks_body_custom_js":"","_kad_blocks_footer_custom_js":"","footnotes":""},"aioseo_notices":[],"taxonomy_info":[],"featured_image_src_large":["https:\/\/clubcaninaude.org\/wp-content\/uploads\/Assemblee\u0301-Generale-09.09.2011.jpg",640,480,false],"author_info":{"display_name":"lafranglaise","author_link":"https:\/\/clubcaninaude.org\/fr\/author\/lafranglaise\/"},"comment_info":0,"_links":{"self":[{"href":"https:\/\/clubcaninaude.org\/fr\/wp-json\/wp\/v2\/pages\/29"}],"collection":[{"href":"https:\/\/clubcaninaude.org\/fr\/wp-json\/wp\/v2\/pages"}],"about":[{"href":"https:\/\/clubcaninaude.org\/fr\/wp-json\/wp\/v2\/types\/page"}],"author":[{"embeddable":true,"href":"https:\/\/clubcaninaude.org\/fr\/wp-json\/wp\/v2\/users\/1"}],"replies":[{"embeddable":true,"href":"https:\/\/clubcaninaude.org\/fr\/wp-json\/wp\/v2\/comments?post=29"}],"version-history":[{"count":16,"href":"https:\/\/clubcaninaude.org\/fr\/wp-json\/wp\/v2\/pages\/29\/revisions"}],"predecessor-version":[{"id":449,"href":"https:\/\/clubcaninaude.org\/fr\/wp-json\/wp\/v2\/pages\/29\/revisions\/449"}],"wp:featuredmedia":[{"embeddable":true,"href":"https:\/\/clubcaninaude.org\/fr\/wp-json\/wp\/v2\/media\/370"}],"wp:attachment":[{"href":"https:\/\/clubcaninaude.org\/fr\/wp-json\/wp\/v2\/media?parent=29"}],"curies":[{"name":"wp","href":"https:\/\/api.w.org\/{rel}","templated":true}]}}